{"id":2248,"date":"2015-12-25T17:05:39","date_gmt":"2015-12-25T17:05:39","guid":{"rendered":"http:\/\/strongholdthemes.com\/dentalcare\/?page_id=108"},"modified":"2026-01-12T13:00:31","modified_gmt":"2026-01-12T13:00:31","slug":"kontakt","status":"publish","type":"page","link":"https:\/\/studiozasnimanjezuba.rs\/index.php\/kontakt\/","title":{"rendered":"Kontakt"},"content":{"rendered":"<p>[vc_row full_width=&#8221;stretch_row_content_no_spaces&#8221; css=&#8221;.vc_custom_1452368488872{margin-top: -100px !important;}&#8221;][vc_column][vc_gmaps link=&#8221;#E-8_JTNDaWZyYW1lJTIwc3JjJTNEJTIyaHR0cHMlM0ElMkYlMkZ3d3cuZ29vZ2xlLmNvbSUyRm1hcHMlMkZlbWJlZCUzRnBiJTNEJTIxMW0xOCUyMTFtMTIlMjExbTMlMjExZDg4Ni4zNTg2MDkzNTQ1NTElMjEyZDIwLjQ3NTM1NzI0NDU3NjMlMjEzZDQ0LjgxNTE2Nzk2MTcxMzYyJTIxMm0zJTIxMWYwJTIxMmYwJTIxM2YwJTIxM20yJTIxMWkxMDI0JTIxMmk3NjglMjE0ZjEzLjElMjEzbTMlMjExbTIlMjExczB4NDc1YTdhYmIzZDdhYmJmOSUyNTNBMHg1ZmNjMDMyODk0MjM1ZmZhJTIxMnNEZW50YWwlMjUyMFN0dWRpbyUyMTVlMCUyMTNtMiUyMTFzZW4lMjEyc3JzJTIxNHYxNjIxMzI4MDk4MjA1JTIxNW0yJTIxMXNlbiUyMTJzcnMlMjIlMjB3aWR0aCUzRCUyMjYwMCUyMiUyMGhlaWdodCUzRCUyMjQ1MCUyMiUyMHN0eWxlJTNEJTIyYm9yZGVyJTNBMCUzQiUyMiUyMGFsbG93ZnVsbHNjcmVlbiUzRCUyMiUyMiUyMGxvYWRpbmclM0QlMjJsYXp5JTIyJTNFJTNDJTJGaWZyYW1lJTNF&#8221;][\/vc_column][\/vc_row][vc_row css=&#8221;.vc_custom_1559256405194{margin-top: 60px !important;margin-bottom: 50px !important;}&#8221;][vc_column width=&#8221;1\/3&#8243;][vc_custom_heading text=&#8221;Gde se nalazimo&#8221; font_container=&#8221;tag:h4|text_align:left&#8221; use_theme_fonts=&#8221;yes&#8221;][vc_empty_space height=&#8221;10px&#8221;][vc_column_text][\/vc_column_text]<div class=\"smile_icon_list_wrap ult_info_list_container ult-adjust-bottom-margin  \"><ul class=\"smile_icon_list left circle with_bg\"><li class=\"icon_list_item\" style=\" font-size:48px;\"><div class=\"icon_list_icon\" data-animation=\"\" data-animation-delay=\"03\" style=\"font-size:16px;border-width:1px;border-style:none;background:#54b948;color:#ffffff;border-color:#333333;\"><i class=\"Defaults-map-marker\" ><\/i><\/div><div class=\"icon_description\" id=\"Info-list-wrap-1745\" style=\"font-size:16px;\"><h3 class=\"ult-responsive info-list-heading\"  data-ultimate-target='#Info-list-wrap-1745 h3'  data-responsive-json-new='{\"font-size\":\"desktop:16px;\",\"line-height\":\"desktop:24px;\"}'  style=\"\">Adresa<\/h3><div class=\"icon_description_text ult-responsive\"  data-ultimate-target='#Info-list-wrap-1745 .icon_description_text'  data-responsive-json-new='{\"font-size\":\"desktop:13px;\",\"line-height\":\"desktop:18px;\"}'  style=\"\"><p>Takovska 58, Beograd<\/p>\n<\/div><\/div><div class=\"icon_list_connector\" data-animation=\"fadeInUp\" data-animation-delay=\"03\" style=\"border-right-width: 1px;border-right-style: dashed;border-color: #636363;\"><\/div><\/li><li class=\"icon_list_item\" style=\" font-size:48px;\"><div class=\"icon_list_icon\" data-animation=\"\" data-animation-delay=\"03\" style=\"font-size:16px;border-width:1px;border-style:none;background:#54b948;color:#ffffff;border-color:#333333;\"><i class=\"Defaults-phone\" ><\/i><\/div><div class=\"icon_description\" id=\"Info-list-wrap-4704\" style=\"font-size:16px;\"><h3 class=\"ult-responsive info-list-heading\"  data-ultimate-target='#Info-list-wrap-4704 h3'  data-responsive-json-new='{\"font-size\":\"desktop:16px;\",\"line-height\":\"desktop:24px;\"}'  style=\"\">Tel<\/h3><div class=\"icon_description_text ult-responsive\"  data-ultimate-target='#Info-list-wrap-4704 .icon_description_text'  data-responsive-json-new='{\"font-size\":\"desktop:13px;\",\"line-height\":\"desktop:18px;\"}'  style=\"\"><p><a href=\"tel:+381641100120\">064 11 00 120<\/a><\/p>\n<p><a href=\"tel:+381116900635\">011 69 00 635<\/a><\/p>\n<\/div><\/div><div class=\"icon_list_connector\" data-animation=\"fadeInUp\" data-animation-delay=\"03\" style=\"border-right-width: 1px;border-right-style: dashed;border-color: #636363;\"><\/div><\/li><li class=\"icon_list_item\" style=\" font-size:48px;\"><div class=\"icon_list_icon\" data-animation=\"\" data-animation-delay=\"03\" style=\"font-size:16px;border-width:1px;border-style:none;background:#54b948;color:#ffffff;border-color:#333333;\"><i class=\"Defaults-envelope-o\" ><\/i><\/div><div class=\"icon_description\" id=\"Info-list-wrap-4899\" style=\"font-size:16px;\"><h3 class=\"ult-responsive info-list-heading\"  data-ultimate-target='#Info-list-wrap-4899 h3'  data-responsive-json-new='{\"font-size\":\"desktop:16px;\",\"line-height\":\"desktop:24px;\"}'  style=\"\">Email<\/h3><div class=\"icon_description_text ult-responsive\"  data-ultimate-target='#Info-list-wrap-4899 .icon_description_text'  data-responsive-json-new='{\"font-size\":\"desktop:13px;\",\"line-height\":\"desktop:18px;\"}'  style=\"\"><p><a href=\"mailto:studiozasnimanjezuba@gmail.com\">studiozasnimanjezuba@gmail.com<\/a><\/p>\n<\/div><\/div><div class=\"icon_list_connector\" data-animation=\"fadeInUp\" data-animation-delay=\"03\" style=\"border-right-width: 1px;border-right-style: dashed;border-color: #636363;\"><\/div><\/li><li class=\"icon_list_item\" style=\" font-size:48px;\"><div class=\"icon_list_icon\" data-animation=\"\" data-animation-delay=\"03\" style=\"font-size:16px;border-width:1px;border-style:none;background:#54b948;color:#ffffff;border-color:#333333;\"><i class=\"Defaults-clock-o\" ><\/i><\/div><div class=\"icon_description\" id=\"Info-list-wrap-7787\" style=\"font-size:16px;\"><h3 class=\"ult-responsive info-list-heading\"  data-ultimate-target='#Info-list-wrap-7787 h3'  data-responsive-json-new='{\"font-size\":\"desktop:16px;\",\"line-height\":\"desktop:24px;\"}'  style=\"\">Radno vreme<\/h3><div class=\"icon_description_text ult-responsive\"  data-ultimate-target='#Info-list-wrap-7787 .icon_description_text'  data-responsive-json-new='{\"font-size\":\"desktop:13px;\",\"line-height\":\"desktop:18px;\"}'  style=\"\"><p>Ponedeljak-Petak: 8:00 \u2013 19:00<br \/>\nSubota: 8:00 \u2013 14:00<br \/>\nNedelja: Ne radimo<\/p>\n<\/div><\/div><div class=\"icon_list_connector\" data-animation=\"fadeInUp\" data-animation-delay=\"03\" style=\"border-right-width: 1px;border-right-style: dashed;border-color: #636363;\"><\/div><\/li><li class=\"icon_list_item\" style=\" font-size:48px;\"><div class=\"icon_list_icon\" data-animation=\"\" data-animation-delay=\"03\" style=\"font-size:16px;border-width:1px;border-style:none;background:#54b948;color:#ffffff;border-color:#333333;\"><i class=\"Defaults-automobile car\" ><\/i><\/div><div class=\"icon_description\" id=\"Info-list-wrap-9102\" style=\"font-size:16px;\"><h3 class=\"ult-responsive info-list-heading\"  data-ultimate-target='#Info-list-wrap-9102 h3'  data-responsive-json-new='{\"font-size\":\"desktop:16px;\",\"line-height\":\"desktop:24px;\"}'  style=\"\">Parkiranje<\/h3><div class=\"icon_description_text ult-responsive\"  data-ultimate-target='#Info-list-wrap-9102 .icon_description_text'  data-responsive-json-new='{\"font-size\":\"desktop:13px;\",\"line-height\":\"desktop:18px;\"}'  style=\"\"><p>Nalazimo se u tre\u0107oj zoni parkiranja, a u blizini se nalazi i Parking Gara\u017ea Botani\u010dka ba\u0161ta, u ulici Vojvode Dobrnjca 8<\/p>\n<\/div><\/div><div class=\"icon_list_connector\" data-animation=\"fadeInUp\" data-animation-delay=\"03\" style=\"border-right-width: 1px;border-right-style: dashed;border-color: #636363;\"><\/div><\/li><\/ul><\/div>[\/vc_column][vc_column width=&#8221;2\/3&#8243;][vc_custom_heading text=&#8221;Kontaktirajte nas&#8221; font_container=&#8221;tag:h4|text_align:left&#8221; use_theme_fonts=&#8221;yes&#8221;][vc_column_text][\/vc_column_text][vc_column_text]<div role=\"form\" class=\"wpcf7\" id=\"wpcf7-f1635-o1\" lang=\"en-US\" dir=\"ltr\">\n<div class=\"screen-reader-response\"><p role=\"status\" aria-live=\"polite\" aria-atomic=\"true\"><\/p> <ul><\/ul><\/div>\n<form action=\"\/index.php\/wp-json\/wp\/v2\/pages\/2248#wpcf7-f1635-o1\" method=\"post\" class=\"wpcf7-form init\" novalidate=\"novalidate\" data-status=\"init\">\n<div style=\"display: none;\">\n<input type=\"hidden\" name=\"_wpcf7\" value=\"1635\" \/>\n<input type=\"hidden\" name=\"_wpcf7_version\" value=\"5.4.1\" \/>\n<input type=\"hidden\" name=\"_wpcf7_locale\" value=\"en_US\" \/>\n<input type=\"hidden\" name=\"_wpcf7_unit_tag\" value=\"wpcf7-f1635-o1\" \/>\n<input type=\"hidden\" name=\"_wpcf7_container_post\" value=\"0\" \/>\n<input type=\"hidden\" name=\"_wpcf7_posted_data_hash\" value=\"\" \/>\n<\/div>\n<div class=\"row\">\n<div class=\"col-md-12\">\n<div class=\"input-group\">\n<span class=\"wpcf7-form-control-wrap text-704\"><input type=\"text\" name=\"text-704\" value=\"\" size=\"40\" class=\"wpcf7-form-control wpcf7-text wpcf7-validates-as-required\" aria-required=\"true\" aria-invalid=\"false\" placeholder=\"Ime*\" \/><\/span><br \/>\n<span><i class=\"input-icon fa fa-user-o\"><\/i><\/span>\n<\/div>\n<\/div>\n<\/div>\n<div class=\"row\">\n<div class=\"col-md-12\">\n<div class=\"input-group\">\n<span class=\"wpcf7-form-control-wrap email-230\"><input type=\"email\" name=\"email-230\" value=\"\" size=\"40\" class=\"wpcf7-form-control wpcf7-text wpcf7-email wpcf7-validates-as-required wpcf7-validates-as-email\" aria-required=\"true\" aria-invalid=\"false\" placeholder=\"Email*\" \/><\/span><br \/>\n<span><i class=\"input-icon fa fa-envelope-o\"><\/i><\/span>\n<\/div>\n<\/div>\n<\/div>\n<div class=\"row\">\n<div class=\"col-md-12\">\n<div class=\"input-group\">\n<span class=\"wpcf7-form-control-wrap text-141\"><input type=\"text\" name=\"text-141\" value=\"\" size=\"40\" class=\"wpcf7-form-control wpcf7-text wpcf7-validates-as-required\" aria-required=\"true\" aria-invalid=\"false\" placeholder=\"Telefon*\" \/><\/span><br \/>\n<span><i class=\"input-icon fa fa-phone\"><\/i><\/span>\n<\/div>\n<\/div>\n<\/div>\n<div class=\"row\">\n<div class=\"col-md-12\">\n<span class=\"wpcf7-form-control-wrap menu-648\"><select name=\"menu-648\" class=\"wpcf7-form-control wpcf7-select\" aria-invalid=\"false\"><option value=\"Izaberite vrstu snimanja\">Izaberite vrstu snimanja<\/option><option value=\"3D radiogram \u2013 CBCT\">3D radiogram \u2013 CBCT<\/option><option value=\"Digitalni ortopan\">Digitalni ortopan<\/option><option value=\"De\u010diji digitalni ortopan\">De\u010diji digitalni ortopan<\/option><option value=\"Retroalveolarni snimak \u2013 intraoralni snimak\">Retroalveolarni snimak \u2013 intraoralni snimak<\/option><option value=\"Digitalni snimci temporomandibularnih zglobova\">Digitalni snimci temporomandibularnih zglobova<\/option><option value=\"Skanogram\">Skanogram<\/option><option value=\"Bitewing tehnika snimanja zuba\">Bitewing tehnika snimanja zuba<\/option><\/select><\/span>\n<\/div>\n<\/div>\n<p><br><\/p>\n<div class=\"row\">\n<div class=\"col-md-12\">\n<span class=\"wpcf7-form-control-wrap textarea-603\"><textarea name=\"textarea-603\" cols=\"40\" rows=\"10\" class=\"wpcf7-form-control wpcf7-textarea\" aria-invalid=\"false\"><\/textarea><\/span>\n<\/div>\n<\/div>\n<p><input type=\"submit\" value=\"Po\u0161alji\" class=\"wpcf7-form-control wpcf7-submit\" \/><\/p>\n<div class=\"wpcf7-response-output\" aria-hidden=\"true\"><\/div><\/form><\/div>[\/vc_column_text][\/vc_column][\/vc_row]<\/p>\n","protected":false},"excerpt":{"rendered":"<p>[vc_row full_width=&#8221;stretch_row_content_no_spaces&#8221; css=&#8221;.vc_custom_1452368488872{margin-top: -100px !important;}&#8221;][vc_column][vc_gmaps link=&#8221;#E-8_JTNDaWZyYW1lJTIwc3JjJTNEJTIyaHR0cHMlM0ElMkYlMkZ3d3cuZ29vZ2xlLmNvbSUyRm1hcHMlMkZlbWJlZCUzRnBiJTNEJTIxMW0xOCUyMTFtMTIlMjExbTMlMjExZDg4Ni4zNTg2MDkzNTQ1NTElMjEyZDIwLjQ3NTM1NzI0NDU3NjMlMjEzZDQ0LjgxNTE2Nzk2MTcxMzYyJTIxMm0zJTIxMWYwJTIxMmYwJTIxM2YwJTIxM20yJTIxMWkxMDI0JTIxMmk3NjglMjE0ZjEzLjElMjEzbTMlMjExbTIlMjExczB4NDc1YTdhYmIzZDdhYmJmOSUyNTNBMHg1ZmNjMDMyODk0MjM1ZmZhJTIxMnNEZW50YWwlMjUyMFN0dWRpbyUyMTVlMCUyMTNtMiUyMTFzZW4lMjEyc3JzJTIxNHYxNjIxMzI4MDk4MjA1JTIxNW0yJTIxMXNlbiUyMTJzcnMlMjIlMjB3aWR0aCUzRCUyMjYwMCUyMiUyMGhlaWdodCUzRCUyMjQ1MCUyMiUyMHN0eWxlJTNEJTIyYm9yZGVyJTNBMCUzQiUyMiUyMGFsbG93ZnVsbHNjcmVlbiUzRCUyMiUyMiUyMGxvYWRpbmclM0QlMjJsYXp5JTIyJTNFJTNDJTJGaWZyYW1lJTNF&#8221;][\/vc_column][\/vc_row][vc_row css=&#8221;.vc_custom_1559256405194{margin-top: 60px !important;margin-bottom: 50px !important;}&#8221;][vc_column width=&#8221;1\/3&#8243;][vc_custom_heading text=&#8221;Gde se nalazimo&#8221; font_container=&#8221;tag:h4|text_align:left&#8221; use_theme_fonts=&#8221;yes&#8221;][vc_empty_space height=&#8221;10px&#8221;][vc_column_text][\/vc_column_text][\/vc_column][vc_column width=&#8221;2\/3&#8243;][vc_custom_heading text=&#8221;Kontaktirajte nas&#8221; font_container=&#8221;tag:h4|text_align:left&#8221; use_theme_fonts=&#8221;yes&#8221;][vc_column_text][\/vc_column_text][vc_column_text][\/vc_column_text][\/vc_column][\/vc_row]<\/p>\n","protected":false},"author":1,"featured_media":0,"parent":0,"menu_order":0,"comment_status":"closed","ping_status":"closed","template":"","meta":[],"yoast_head":"<!-- This site is optimized with the Yoast SEO plugin v16.5 - https:\/\/yoast.com\/wordpress\/plugins\/seo\/ -->\n<title>Kontakt - Studio za snimanje zuba<\/title>\n<meta name=\"robots\" content=\"index, follow, max-snippet:-1, max-image-preview:large, max-video-preview:-1\" \/>\n<link rel=\"canonical\" href=\"https:\/\/studiozasnimanjezuba.rs\/index.php\/kontakt\/\" \/>\n<meta property=\"og:locale\" content=\"en_US\" \/>\n<meta property=\"og:type\" content=\"article\" \/>\n<meta property=\"og:title\" content=\"Kontakt - Studio za snimanje zuba\" \/>\n<meta property=\"og:description\" content=\"[vc_row full_width=&#8221;stretch_row_content_no_spaces&#8221; css=&#8221;.vc_custom_1452368488872{margin-top: -100px !important;}&#8221;][vc_column][vc_gmaps link=&#8221;#E-8_JTNDaWZyYW1lJTIwc3JjJTNEJTIyaHR0cHMlM0ElMkYlMkZ3d3cuZ29vZ2xlLmNvbSUyRm1hcHMlMkZlbWJlZCUzRnBiJTNEJTIxMW0xOCUyMTFtMTIlMjExbTMlMjExZDg4Ni4zNTg2MDkzNTQ1NTElMjEyZDIwLjQ3NTM1NzI0NDU3NjMlMjEzZDQ0LjgxNTE2Nzk2MTcxMzYyJTIxMm0zJTIxMWYwJTIxMmYwJTIxM2YwJTIxM20yJTIxMWkxMDI0JTIxMmk3NjglMjE0ZjEzLjElMjEzbTMlMjExbTIlMjExczB4NDc1YTdhYmIzZDdhYmJmOSUyNTNBMHg1ZmNjMDMyODk0MjM1ZmZhJTIxMnNEZW50YWwlMjUyMFN0dWRpbyUyMTVlMCUyMTNtMiUyMTFzZW4lMjEyc3JzJTIxNHYxNjIxMzI4MDk4MjA1JTIxNW0yJTIxMXNlbiUyMTJzcnMlMjIlMjB3aWR0aCUzRCUyMjYwMCUyMiUyMGhlaWdodCUzRCUyMjQ1MCUyMiUyMHN0eWxlJTNEJTIyYm9yZGVyJTNBMCUzQiUyMiUyMGFsbG93ZnVsbHNjcmVlbiUzRCUyMiUyMiUyMGxvYWRpbmclM0QlMjJsYXp5JTIyJTNFJTNDJTJGaWZyYW1lJTNF&#8221;][\/vc_column][\/vc_row][vc_row css=&#8221;.vc_custom_1559256405194{margin-top: 60px !important;margin-bottom: 50px !important;}&#8221;][vc_column width=&#8221;1\/3&#8243;][vc_custom_heading text=&#8221;Gde se nalazimo&#8221; font_container=&#8221;tag:h4|text_align:left&#8221; use_theme_fonts=&#8221;yes&#8221;][vc_empty_space height=&#8221;10px&#8221;][vc_column_text][\/vc_column_text][\/vc_column][vc_column width=&#8221;2\/3&#8243;][vc_custom_heading text=&#8221;Kontaktirajte nas&#8221; font_container=&#8221;tag:h4|text_align:left&#8221; use_theme_fonts=&#8221;yes&#8221;][vc_column_text][\/vc_column_text][vc_column_text][\/vc_column_text][\/vc_column][\/vc_row]\" \/>\n<meta property=\"og:url\" content=\"https:\/\/studiozasnimanjezuba.rs\/index.php\/kontakt\/\" \/>\n<meta property=\"og:site_name\" content=\"Studio za snimanje zuba\" \/>\n<meta property=\"article:modified_time\" content=\"2026-01-12T13:00:31+00:00\" \/>\n<meta name=\"twitter:card\" content=\"summary_large_image\" \/>\n<meta name=\"twitter:label1\" content=\"Est. reading time\" \/>\n\t<meta name=\"twitter:data1\" content=\"1 minute\" \/>\n<script type=\"application\/ld+json\" class=\"yoast-schema-graph\">{\"@context\":\"https:\/\/schema.org\",\"@graph\":[{\"@type\":\"Organization\",\"@id\":\"https:\/\/studiozasnimanjezuba.rs\/#organization\",\"name\":\"Studio za snimanje zuba\",\"url\":\"https:\/\/studiozasnimanjezuba.rs\/\",\"sameAs\":[],\"logo\":{\"@type\":\"ImageObject\",\"@id\":\"https:\/\/studiozasnimanjezuba.rs\/#logo\",\"inLanguage\":\"en-US\",\"url\":\"http:\/\/studiozasnimanjezuba.rs\/wp-content\/uploads\/2021\/06\/SZSZ-v2.png\",\"contentUrl\":\"http:\/\/studiozasnimanjezuba.rs\/wp-content\/uploads\/2021\/06\/SZSZ-v2.png\",\"width\":470,\"height\":100,\"caption\":\"Studio za snimanje zuba\"},\"image\":{\"@id\":\"https:\/\/studiozasnimanjezuba.rs\/#logo\"}},{\"@type\":\"WebSite\",\"@id\":\"https:\/\/studiozasnimanjezuba.rs\/#website\",\"url\":\"https:\/\/studiozasnimanjezuba.rs\/\",\"name\":\"Studio za snimanje zuba\",\"description\":\"Studio za snimanje zuba\",\"publisher\":{\"@id\":\"https:\/\/studiozasnimanjezuba.rs\/#organization\"},\"potentialAction\":[{\"@type\":\"SearchAction\",\"target\":\"https:\/\/studiozasnimanjezuba.rs\/?s={search_term_string}\",\"query-input\":\"required name=search_term_string\"}],\"inLanguage\":\"en-US\"},{\"@type\":\"WebPage\",\"@id\":\"https:\/\/studiozasnimanjezuba.rs\/index.php\/kontakt\/#webpage\",\"url\":\"https:\/\/studiozasnimanjezuba.rs\/index.php\/kontakt\/\",\"name\":\"Kontakt - Studio za snimanje zuba\",\"isPartOf\":{\"@id\":\"https:\/\/studiozasnimanjezuba.rs\/#website\"},\"datePublished\":\"2015-12-25T17:05:39+00:00\",\"dateModified\":\"2026-01-12T13:00:31+00:00\",\"breadcrumb\":{\"@id\":\"https:\/\/studiozasnimanjezuba.rs\/index.php\/kontakt\/#breadcrumb\"},\"inLanguage\":\"en-US\",\"potentialAction\":[{\"@type\":\"ReadAction\",\"target\":[\"https:\/\/studiozasnimanjezuba.rs\/index.php\/kontakt\/\"]}]},{\"@type\":\"BreadcrumbList\",\"@id\":\"https:\/\/studiozasnimanjezuba.rs\/index.php\/kontakt\/#breadcrumb\",\"itemListElement\":[{\"@type\":\"ListItem\",\"position\":1,\"name\":\"Home\",\"item\":\"https:\/\/studiozasnimanjezuba.rs\/\"},{\"@type\":\"ListItem\",\"position\":2,\"name\":\"Kontakt\"}]}]}<\/script>\n<!-- \/ Yoast SEO plugin. -->","_links":{"self":[{"href":"https:\/\/studiozasnimanjezuba.rs\/index.php\/wp-json\/wp\/v2\/pages\/2248"}],"collection":[{"href":"https:\/\/studiozasnimanjezuba.rs\/index.php\/wp-json\/wp\/v2\/pages"}],"about":[{"href":"https:\/\/studiozasnimanjezuba.rs\/index.php\/wp-json\/wp\/v2\/types\/page"}],"author":[{"embeddable":true,"href":"https:\/\/studiozasnimanjezuba.rs\/index.php\/wp-json\/wp\/v2\/users\/1"}],"replies":[{"embeddable":true,"href":"https:\/\/studiozasnimanjezuba.rs\/index.php\/wp-json\/wp\/v2\/comments?post=2248"}],"version-history":[{"count":4,"href":"https:\/\/studiozasnimanjezuba.rs\/index.php\/wp-json\/wp\/v2\/pages\/2248\/revisions"}],"predecessor-version":[{"id":3043,"href":"https:\/\/studiozasnimanjezuba.rs\/index.php\/wp-json\/wp\/v2\/pages\/2248\/revisions\/3043"}],"wp:attachment":[{"href":"https:\/\/studiozasnimanjezuba.rs\/index.php\/wp-json\/wp\/v2\/media?parent=2248"}],"curies":[{"name":"wp","href":"https:\/\/api.w.org\/{rel}","templated":true}]}}